{"id":33,"date":"2022-09-29T06:55:26","date_gmt":"2022-09-29T06:55:26","guid":{"rendered":"https:\/\/paribiodling.com\/?page_id=33"},"modified":"2025-04-05T14:17:23","modified_gmt":"2025-04-05T14:17:23","slug":"vara-bigardar","status":"publish","type":"page","link":"https:\/\/paribiodling.com\/index.php\/vara-bigardar\/","title":{"rendered":"V\u00e5ra big\u00e5rdar"},"content":{"rendered":"\n<p>D\u00e5 vi tycker att biodling \u00e4r n\u00e5got av det roligaste man kan h\u00e5lla p\u00e5 med s\u00e5 har vi flera st\u00e4llen med kupor.<\/p>\n\n\n\n<p>Om du vill ha bin i din tr\u00e4dg\u00e5rd f\u00e5r du g\u00e4rna h\u00f6ra av dig till oss p\u00e5 0724 45 95 98 s\u00e5 ber\u00e4ttar vi g\u00e4rna mer.<\/p>\n\n\n\n<h2>Antal big\u00e5rdar: 11<\/h2>\n\n\n\n<p>Antal kupor: 61<\/p>\n","protected":false},"excerpt":{"rendered":"<p>D\u00e5 vi tycker att biodling \u00e4r n\u00e5got av det roligaste man kan h\u00e5lla p\u00e5 med s\u00e5 har vi flera st\u00e4llen&hellip;<\/p>\n","protected":false},"author":1,"featured_media":0,"parent":0,"menu_order":0,"comment_status":"closed","ping_status":"closed","template":"","meta":[],"aioseo_notices":[],"_links":{"self":[{"href":"https:\/\/paribiodling.com\/index.php\/wp-json\/wp\/v2\/pages\/33"}],"collection":[{"href":"https:\/\/paribiodling.com\/index.php\/wp-json\/wp\/v2\/pages"}],"about":[{"href":"https:\/\/paribiodling.com\/index.php\/wp-json\/wp\/v2\/types\/page"}],"author":[{"embeddable":true,"href":"https:\/\/paribiodling.com\/index.php\/wp-json\/wp\/v2\/users\/1"}],"replies":[{"embeddable":true,"href":"https:\/\/paribiodling.com\/index.php\/wp-json\/wp\/v2\/comments?post=33"}],"version-history":[{"count":4,"href":"https:\/\/paribiodling.com\/index.php\/wp-json\/wp\/v2\/pages\/33\/revisions"}],"predecessor-version":[{"id":132,"href":"https:\/\/paribiodling.com\/index.php\/wp-json\/wp\/v2\/pages\/33\/revisions\/132"}],"wp:attachment":[{"href":"https:\/\/paribiodling.com\/index.php\/wp-json\/wp\/v2\/media?parent=33"}],"curies":[{"name":"wp","href":"https:\/\/api.w.org\/{rel}","templated":true}]}}