{"id":17,"date":"2022-09-28T18:27:23","date_gmt":"2022-09-28T18:27:23","guid":{"rendered":"https:\/\/paribiodling.com\/?page_id=17"},"modified":"2022-10-10T15:34:52","modified_gmt":"2022-10-10T15:34:52","slug":"biredskap","status":"publish","type":"page","link":"https:\/\/paribiodling.com\/index.php\/biredskap\/","title":{"rendered":"Biredskap"},"content":{"rendered":"\n<p>Ska man vara biodling beh\u00f6ver man ha en hel del redskap. Det kan till en b\u00f6rjan upplevas som en stor kostnad, men de redskap man k\u00f6per h\u00e5ller allt som oftast v\u00e4ldigt l\u00e4nge. Inte s\u00e4llan kan man ha utrustningen livet ut. H\u00e4r kan du l\u00e4sa om de olika biredskapen som vi tycker man beh\u00f6ver f\u00f6r att komma ig\u00e5ng med sin biodling.<\/p>\n\n\n<div class=\"wp-block-image\">\n<figure class=\"aligncenter size-full is-resized\"><a href=\"https:\/\/vindobi.se\"><img decoding=\"async\" loading=\"lazy\" src=\"http:\/\/paribiodling.com\/wp-content\/uploads\/2022\/09\/Annons-1.png\" alt=\"\" class=\"wp-image-46\" width=\"252\" height=\"110\"\/><\/a><figcaption>Handla din utrustning hos Vind\u00f6 Biodling<\/figcaption><\/figure><\/div>\n\n\n<h2>Biodlarens s\u00e4kerhet<\/h2>\n\n\n\n<p>Att g\u00e5 in i en bikupa \u00e4r inte alla g\u00e5nger helt riskfritt. Vissa dagar \u00e4r bina p\u00e5 b\u00e4ttre hum\u00f6r \u00e4n andra men oavsett vilket hum\u00f6r bin \u00e4r p\u00e5 \u00e4r det viktigt att man som biodlare skyddar sig mot stick. Hur mycket man \u00f6nskar skydda sig \u00e4r upp till varje biodlare, men en bra riktlinje tycker vi \u00e4r att du aldrig skall vara r\u00e4dd eller k\u00e4nna ett obehag d\u00e5 du arbetar med dina bin. N\u00e4r vi arbetar med bina v\u00e4ljer vi att ha p\u00e5 oss en heldr\u00e4kt som man kn\u00e4pper med blixtl\u00e5s p\u00e5 framsidan, handskar och ordentliga skor. Det finns de som enbart anv\u00e4nder jacka, bara sl\u00f6ja eller bara en keps. Tips \u00e4r att man s\u00e4tter p\u00e5 sig n\u00e5got som t\u00e4cker h\u00e5ret d\u00e5 det kan bli v\u00e4ldigt jobbigt b\u00e5de f\u00f6r bin och biodlare om bina fastnar i h\u00e5ret och inte kommer loss.<\/p>\n\n\n\n<p>N\u00e4r man v\u00e4ljer heldr\u00e4kt \u00e4r det viktigt att man har ordentlig med sv\u00e4ngrum och att man kan sitta p\u00e5 huk utan problem. N\u00e4r man kn\u00e4pper dr\u00e4kten vid sl\u00f6jan tycker vi att det \u00e4r bra om blixtl\u00e5sen korsar varandra, detta d\u00e5 det minskar risken f\u00f6r att f\u00e5 in bin i dr\u00e4kten. <\/p>\n\n\n\n<p>Om man inte vill ha heldr\u00e4kt kan man v\u00e4lja jacka och byxor eller enbart jacka. \u00c4ven denna skall vara lite stor s\u00e5 att du l\u00e4tt kan r\u00f6ra dig n\u00e4r du arbetar med dina bin. <\/p>\n\n\n\n<p>Till b\u00e5de dr\u00e4kt och jacka finns det olika m\u00f6ssor eller sl\u00f6jor. Man kan ha som en hatt med br\u00e4tte i dr\u00e4kten fr\u00e5n vilken sl\u00f6jan faller ned och f\u00e4ster i halsen. I denna variant kan man se 360 grader runt sig d\u00e5 hela m\u00f6ssan \u00e4r t\u00e4ckt av sl\u00f6ja. Man kan ha en mer rundad topp p\u00e5 dr\u00e4ktens \u00f6vre del som g\u00f6r att man mer ser ut som en dykare med sl\u00f6ja mitt fram. Denna variant kan man inte se bak\u00e5t i d\u00e5 denna del \u00e4r i samma tyg som dr\u00e4kten. Man kan \u00e4ven v\u00e4lja olika modeller av jacka och dr\u00e4kt med allt fr\u00e5n ventilerade till mindre ventilerade. De finns i m\u00e5nga olika f\u00e4rger och passformer. Viktigt \u00e4r att du provar din dr\u00e4kt och att du trivs med den.<\/p>\n\n\n\n<p>Att anv\u00e4nda handskar i kupan kan vara p\u00e5 gott och ont. Vissa menar att man blir mer klumpig och fumlig d\u00e5 man inte kan k\u00e4nna vad man g\u00f6r ordentligt, medan andra anser att man m\u00e5ste skydda h\u00e4nderna d\u00e5 det \u00e4r dessa som skall ner i kupan och arbeta. Hur man vill g\u00f6ra k\u00e4nner man sj\u00e4lv. Vi anv\u00e4nder handskar och har under \u00e5ren testat lite olika. Vi b\u00f6rjade med bl\u00e5 gummihandskar med vita manschetter som gick upp en bit p\u00e5 armarna och som gick att st\u00e4nga till med en dragsko. N\u00e4r vi k\u00f6pte v\u00e5r f\u00f6rsta utrustning fick vi r\u00e5det att v\u00e4lja gummihandskar eftersom att om bina sticker i handsken \u00e4r doften l\u00e4tt att tv\u00e4tta bort och man tar d\u00e4rmed bort det som triggar bina till att stickas. En annan anledning till att vi startade med dessa handskar var att de satt b\u00e4st. Detta kan vara den viktigaste anledningen till att v\u00e4lja en handske oavsett vilken sort man v\u00e4ljer, den m\u00e5ste sitta bra p\u00e5 handen. Man vill undvika att den blir f\u00f6r stor l\u00e4ngt ut i fingrarna eftersom man l\u00e4tt fastnar mellan ramar d\u00e5 man arbetar. <\/p>\n\n\n\n<p>Den sort handske vi nu anv\u00e4nder \u00e4r gummi och bomullsblandning. Den \u00e4r n\u00e5got mindre svettig d\u00e5 man arbetar eftersom bomull andas b\u00e4ttre. \u00c4ven denna har en manschetter som man drar upp p\u00e5 armen och sluter med en dragsko.<\/p>\n\n\n\n<p>Sedan har man alternativet att anv\u00e4nda sig utav l\u00e4der- eller skinnhandskar. Dessa formar sig efter anv\u00e4ndaren och sitter ofta v\u00e4ldigt bra och sk\u00f6nt p\u00e5 handen. Eftersom de \u00e4r i skinn andas de b\u00e4ttre \u00e4n gummihandskar och gummi\/bomullshandskarna d\u00e5 det \u00e4r ett levande material. <\/p>\n\n\n\n<h2>Kupan<\/h2>\n\n\n\n<p>Om du skulle googla ordet &#8220;Bikupa&#8221; kommer du med stor sannolikhet att f\u00e5 upp ett antal tr\u00e4ffar med bilder p\u00e5 olika kupor. Kuporna kommer att ha olika form, f\u00e4rg och vara i olika material. De kommer att ha namn som Nackakupa, Huddingekupa, Tr\u00e5gkupa och Halmkupa f\u00f6r att bara n\u00e4mna n\u00e5gra f\u00e5. Vilken kupa du anv\u00e4nder \u00e4r helt upp till dig. Se dock till att v\u00e4lja en kupa som st\u00f6djer det ramformat som din biodlarf\u00f6rening anv\u00e4nder. Varf\u00f6r kan man undra? Jo d\u00e4rf\u00f6r att det blir l\u00e4ttare att k\u00f6pa och s\u00e4lja bin om man anv\u00e4nder samma ramformat.<\/p>\n\n\n\n<p>Vad \u00e4r d\u00e5 ramformat? Det \u00e4r precis som det l\u00e5ter format eller storlek p\u00e5 de ramar som sitter i kupan. Det \u00e4r p\u00e5 ramarnas mellanv\u00e4ggar av vax bina l\u00e4gger sina \u00e4gg samt placerar sitt pollen, nektar och honung. N\u00e5gra exempel p\u00e5 vanliga  ramformat \u00e4r LN (L\u00e5gnormal) och HLS (Halv l\u00e5gnormal). LN anv\u00e4nds ofta som ett allt-i-allo ram eftersom man kan ha dem b\u00e5de i skatt l\u00e5dorna och i yngelrummet. HLS anv\u00e4nds oftast i skattl\u00e5dan det vill s\u00e4ga i l\u00e5dan d\u00e4r man sk\u00f6rdar honung. HLS \u00e4r h\u00e4lften s\u00e5 h\u00f6g som en LN men de \u00e4r lika breda.<\/p>\n\n\n\n<p>Sj\u00e4lva kupan best\u00e5r av ett antal delar som beror p\u00e5 vilken sorts kupa man har. Vi har kupan som kallas Nackakupa och den har ramm\u00e5tt och sargm\u00e5tt LN eller HLS. Delarna i kupan \u00e4r som f\u00f6ljer om man tittar nerifr\u00e5n och upp. Botten med varroainl\u00e4gg, sarger med 10 ramar i varje, t\u00e4ckplast och tak. Ett varroainl\u00e4gg \u00e4r en bricka p\u00e5 vilken kvalstren som eventuellt finns kupan ramlar ned p\u00e5 s\u00e5 biodlaren kan r\u00e4kna hur mycket det \u00e4r. T\u00e4ckplast anv\u00e4nds f\u00f6r att bina inte skall bygga sitt vax i taket p\u00e5 kupan.<\/p>\n\n\n\n<figure class=\"wp-block-image size-large\"><img decoding=\"async\" loading=\"lazy\" width=\"1024\" height=\"576\" src=\"https:\/\/paribiodling.com\/wp-content\/uploads\/2022\/10\/IMG-20210727-WA0000-1-1-1024x576.jpeg\" alt=\"\" class=\"wp-image-79\" srcset=\"https:\/\/paribiodling.com\/wp-content\/uploads\/2022\/10\/IMG-20210727-WA0000-1-1-1024x576.jpeg 1024w, https:\/\/paribiodling.com\/wp-content\/uploads\/2022\/10\/IMG-20210727-WA0000-1-1-300x169.jpeg 300w, https:\/\/paribiodling.com\/wp-content\/uploads\/2022\/10\/IMG-20210727-WA0000-1-1-768x432.jpeg 768w, https:\/\/paribiodling.com\/wp-content\/uploads\/2022\/10\/IMG-20210727-WA0000-1-1-1536x864.jpeg 1536w, https:\/\/paribiodling.com\/wp-content\/uploads\/2022\/10\/IMG-20210727-WA0000-1-1-2048x1152.jpeg 2048w\" sizes=\"(max-width: 1024px) 100vw, 1024px\" \/><\/figure>\n\n\n\n<h2>Hantera dina bin<\/h2>\n\n\n\n<p>N\u00e4r du arbetar med dina bin kan det vara bra att ha en r\u00f6kpust och en kupkniv. Kupkniven anv\u00e4nder vi n\u00e4r vi skall plocka upp ramarna ur sargen. Det \u00e4r inte alltid man kan f\u00e5 ner fingrarna mellan ramarna samt att bina ofta s\u00e4tter fast ramarna med propolis. Det finns flera olika sorters kupknivar att anv\u00e4nda exempelvis l\u00e5ng kupkniv eller amerikansk kupkniv. Den l\u00e5nga kupkniven har ett b\u00f6jt blad som anv\u00e4nds till att s\u00e4ra p\u00e5 ramarna med och ett rakt blad som man skrapar bort vaxet som bina byggt p\u00e5 fel st\u00e4llen. Den amerikanska kupkniven har en krok p\u00e5 ena sidan och ett blad p\u00e5 andra sidan. Vi anv\u00e4nder oss av den amerikanska kupkniven d\u00e5 vi upplever att den \u00e4r b\u00e4st p\u00e5 att f\u00e5 upp ramarna fr\u00e5n ramlisten. Kupknivarna anv\u00e4nds \u00e4ven d\u00e5 vi vill dela p\u00e5 sargerna n\u00e4r vi g\u00e5r igenom kupan.<\/p>\n\n\n\n<p>R\u00f6kpustens syfte \u00e4r att lugna bin som \u00e4r oroliga av n\u00e5gon anledning. I r\u00f6kpusten kan man stoppa r\u00f6kpustbr\u00e4nsle eller tidningspapper och \u00e4ggkartong. Detta skapar en ofarlig r\u00f6k som man kan pusta p\u00e5 bina och som g\u00f6r att de blir lugna. Bina blir lugna eftersom de tror att det \u00e4r en skogsbrand p\u00e5 v\u00e4g och d\u00e5 m\u00e5ste de r\u00e4dda honungen i kupan. Vi pustar bara med r\u00f6ken om vi m\u00e5ste, vilket \u00e4r s\u00e4llan. N\u00e4r man v\u00e4ljer r\u00f6kpust kan det vara bra att v\u00e4lja en med gnistskydd samt en krok att h\u00e4nga upp den med.<\/p>\n\n\n\n<h2>Hantera honung<\/h2>\n\n\n\n<p>M\u00e5nga av de saker som man beh\u00f6ver d\u00e5 man ska sk\u00f6rda honung kan man l\u00e5na av sin lokala biodlarf\u00f6rening. Vissa saker kan dock vara bra att ha sj\u00e4lv. Detta \u00e4r enligt oss honungstunna och avt\u00e4ckningsgaffel. Att ha en egen honungstunna att lagra sin honung i kan av hygieniska sk\u00e4l vara bra. Genom att ha en egen tunna vet du var den har varit och du vet att din honung kommer att vara ren och fr\u00e4sch. Detsamma g\u00e4ller avt\u00e4ckningsgaffeln, det \u00e4r sk\u00f6nt att ha redskap som ska vara i direkt kontakt med honungen sj\u00e4lv.  <\/p>\n\n\n<div class=\"wp-block-image\">\n<figure class=\"aligncenter size-full is-resized\"><a href=\"https:\/\/vindobi.se\"><img decoding=\"async\" loading=\"lazy\" src=\"http:\/\/paribiodling.com\/wp-content\/uploads\/2022\/09\/Annons-1.png\" alt=\"\" class=\"wp-image-46\" width=\"249\" height=\"109\"\/><\/a><figcaption>Handla din utrustning hos Vind\u00f6 Biodling<\/figcaption><\/figure><\/div>","protected":false},"excerpt":{"rendered":"<p>Ska man vara biodling beh\u00f6ver man ha en hel del redskap. Det kan till en b\u00f6rjan upplevas som en stor&hellip;<\/p>\n","protected":false},"author":1,"featured_media":0,"parent":0,"menu_order":0,"comment_status":"closed","ping_status":"closed","template":"","meta":[],"aioseo_notices":[],"_links":{"self":[{"href":"https:\/\/paribiodling.com\/index.php\/wp-json\/wp\/v2\/pages\/17"}],"collection":[{"href":"https:\/\/paribiodling.com\/index.php\/wp-json\/wp\/v2\/pages"}],"about":[{"href":"https:\/\/paribiodling.com\/index.php\/wp-json\/wp\/v2\/types\/page"}],"author":[{"embeddable":true,"href":"https:\/\/paribiodling.com\/index.php\/wp-json\/wp\/v2\/users\/1"}],"replies":[{"embeddable":true,"href":"https:\/\/paribiodling.com\/index.php\/wp-json\/wp\/v2\/comments?post=17"}],"version-history":[{"count":13,"href":"https:\/\/paribiodling.com\/index.php\/wp-json\/wp\/v2\/pages\/17\/revisions"}],"predecessor-version":[{"id":80,"href":"https:\/\/paribiodling.com\/index.php\/wp-json\/wp\/v2\/pages\/17\/revisions\/80"}],"wp:attachment":[{"href":"https:\/\/paribiodling.com\/index.php\/wp-json\/wp\/v2\/media?parent=17"}],"curies":[{"name":"wp","href":"https:\/\/api.w.org\/{rel}","templated":true}]}}