{"id":14,"date":"2022-09-28T18:26:52","date_gmt":"2022-09-28T18:26:52","guid":{"rendered":"https:\/\/paribiodling.com\/?page_id=14"},"modified":"2022-10-10T15:51:46","modified_gmt":"2022-10-10T15:51:46","slug":"svarm","status":"publish","type":"page","link":"https:\/\/paribiodling.com\/index.php\/svarm\/","title":{"rendered":"Sv\u00e4rm"},"content":{"rendered":"\n<div class=\"is-layout-flex wp-container-3 wp-block-columns\">\n<div class=\"is-layout-flow wp-block-column\" style=\"flex-basis:33.33%\"><div class=\"wp-block-image\">\n<figure class=\"aligncenter size-full\"><img decoding=\"async\" loading=\"lazy\" width=\"768\" height=\"1024\" src=\"http:\/\/paribiodling.com\/wp-content\/uploads\/2022\/10\/image0000001-1.jpg\" alt=\"\" class=\"wp-image-84\" srcset=\"https:\/\/paribiodling.com\/wp-content\/uploads\/2022\/10\/image0000001-1.jpg 768w, https:\/\/paribiodling.com\/wp-content\/uploads\/2022\/10\/image0000001-1-225x300.jpg 225w\" sizes=\"(max-width: 768px) 100vw, 768px\" \/><\/figure><\/div><\/div>\n\n\n\n<div class=\"is-layout-flow wp-block-column\" style=\"flex-basis:66.66%\">\n<p>Varje \u00e5r p\u00e5 sommaren blir det m\u00e5nga bin i bikupan. Detta triggar ig\u00e5ng en instinkt som kan f\u00e5 halva bisamh\u00e4llet att l\u00e4mna kupan tillsammans med den existerande drottningen. D\u00e5 har samh\u00e4llet sett till att de bin som \u00e4r kvar kan odla fram en egen ny drottning. Den delen av samh\u00e4llet som l\u00e4mnar kupan kallas f\u00f6r sv\u00e4rm. Som biodlare kan man f\u00f6rhindra sv\u00e4rmning med olika knep, men skulle det \u00e4nd\u00e5 ske b\u00f6r man se till att f\u00e5nga in den. N\u00e4r ett samh\u00e4lle sv\u00e4rmar letar bina som har l\u00e4mnat kupan efter ett nytt st\u00e4lle att bo. Oftast s\u00e4tter de sig i ett tr\u00e4d, men ibland kan man ha otur att de s\u00e4tter sig p\u00e5 mer otillg\u00e4ngliga st\u00e4llen.   <br><\/p>\n\n\n\n<p>Har du f\u00e5tt en sv\u00e4rm hos dig kan du kontakta oss p\u00e5 telefon 072 445 95 98. D\u00e5 kommer vi och tar hand om den.<\/p>\n<\/div>\n<\/div>\n","protected":false},"excerpt":{"rendered":"<p>Varje \u00e5r p\u00e5 sommaren blir det m\u00e5nga bin i bikupan. Detta triggar ig\u00e5ng en instinkt som kan f\u00e5 halva bisamh\u00e4llet&hellip;<\/p>\n","protected":false},"author":1,"featured_media":0,"parent":0,"menu_order":0,"comment_status":"closed","ping_status":"closed","template":"","meta":[],"aioseo_notices":[],"_links":{"self":[{"href":"https:\/\/paribiodling.com\/index.php\/wp-json\/wp\/v2\/pages\/14"}],"collection":[{"href":"https:\/\/paribiodling.com\/index.php\/wp-json\/wp\/v2\/pages"}],"about":[{"href":"https:\/\/paribiodling.com\/index.php\/wp-json\/wp\/v2\/types\/page"}],"author":[{"embeddable":true,"href":"https:\/\/paribiodling.com\/index.php\/wp-json\/wp\/v2\/users\/1"}],"replies":[{"embeddable":true,"href":"https:\/\/paribiodling.com\/index.php\/wp-json\/wp\/v2\/comments?post=14"}],"version-history":[{"count":5,"href":"https:\/\/paribiodling.com\/index.php\/wp-json\/wp\/v2\/pages\/14\/revisions"}],"predecessor-version":[{"id":86,"href":"https:\/\/paribiodling.com\/index.php\/wp-json\/wp\/v2\/pages\/14\/revisions\/86"}],"wp:attachment":[{"href":"https:\/\/paribiodling.com\/index.php\/wp-json\/wp\/v2\/media?parent=14"}],"curies":[{"name":"wp","href":"https:\/\/api.w.org\/{rel}","templated":true}]}}